{"id":9,"date":"2025-06-27T07:38:10","date_gmt":"2025-06-27T07:38:10","guid":{"rendered":"https:\/\/hopeful-mahavira.46-231-5-246.plesk.page\/?page_id=9"},"modified":"2025-07-04T08:38:47","modified_gmt":"2025-07-04T08:38:47","slug":"corte-de-honor","status":"publish","type":"page","link":"https:\/\/fira.onda.es\/index.php\/va\/corte-de-honor\/","title":{"rendered":"Cort d&#8217;honor"},"content":{"rendered":"\t\t<div data-elementor-type=\"wp-page\" data-elementor-id=\"9\" class=\"elementor elementor-9\">\n\t\t\t\t<div class=\"elementor-element elementor-element-e103134 e-flex e-con-boxed e-con e-parent\" data-id=\"e103134\" data-element_type=\"container\" data-e-type=\"container\">\n\t\t\t\t\t<div class=\"e-con-inner\">\n\t\t\t\t<div class=\"elementor-element elementor-element-f313184 elementor-widget elementor-widget-image\" data-id=\"f313184\" data-element_type=\"widget\" data-e-type=\"widget\" data-widget_type=\"image.default\">\n\t\t\t\t<div class=\"elementor-widget-container\">\n\t\t\t\t\t\t\t\t\t\t\t\t\t\t\t<img fetchpriority=\"high\" decoding=\"async\" width=\"1365\" height=\"268\" src=\"https:\/\/fira.onda.es\/wp-content\/uploads\/2025\/07\/Banner-largo-web-1365-x-268-px.png\" class=\"attachment-full size-full wp-image-165\" alt=\"\" srcset=\"https:\/\/fira.onda.es\/wp-content\/uploads\/2025\/07\/Banner-largo-web-1365-x-268-px.png 1365w, https:\/\/fira.onda.es\/wp-content\/uploads\/2025\/07\/Banner-largo-web-1365-x-268-px-300x59.png 300w, https:\/\/fira.onda.es\/wp-content\/uploads\/2025\/07\/Banner-largo-web-1365-x-268-px-1024x201.png 1024w, https:\/\/fira.onda.es\/wp-content\/uploads\/2025\/07\/Banner-largo-web-1365-x-268-px-768x151.png 768w\" sizes=\"(max-width: 1365px) 100vw, 1365px\" \/>\t\t\t\t\t\t\t\t\t\t\t\t\t\t\t<\/div>\n\t\t\t\t<\/div>\n\t\t\t\t\t<\/div>\n\t\t\t\t<\/div>\n\t\t<div class=\"elementor-element elementor-element-6e36fbf e-flex e-con-boxed e-con e-parent\" data-id=\"6e36fbf\" data-element_type=\"container\" data-e-type=\"container\">\n\t\t\t\t\t<div class=\"e-con-inner\">\n\t\t\t\t<div class=\"elementor-element elementor-element-824767e elementor-widget elementor-widget-html\" data-id=\"824767e\" data-element_type=\"widget\" data-e-type=\"widget\" data-widget_type=\"html.default\">\n\t\t\t\t<div class=\"elementor-widget-container\">\n\t\t\t\t\t<section class=\"honor-court-section\">\r\n    <div class=\"honor-court-container-wrapper\">\r\n        <h2 class=\"honor-court-title\">\r\n            La nostra Cort d'Honor 2025\r\n            <div class=\"honor-court-underline\"><\/div>\r\n        <\/h2>\r\n\r\n        <div class=\"honor-court-cards-grid\">\r\n\r\n            <div class=\"honor-court-card honor-court-card-queen-infantil\">\r\n                <div class=\"honor-court-card-effect\"><\/div>\r\n                <div class=\"honor-court-avatar\">\r\n                    <img decoding=\"async\" src=\"https:\/\/fira.onda.es\/wp-content\/uploads\/2025\/07\/Eva-Reina-Infantil.jpg\" alt=\"Eva Mart\u00ednez Chiva\" class=\"avatar-image\">\r\n                <\/div>\r\n                <h3>Eva Mart\u00ednez Chiva<\/h3>\r\n                <p>Reina Infantil de la Fira 2025, un s\u00edmbol d'alegria i il\u00b7lusi\u00f3 dels m\u00e9s menuts.<\/p>\r\n            <\/div>\r\n\r\n            <div class=\"honor-court-card honor-court-card-queen\">\r\n                <div class=\"honor-court-card-effect-secondary\"><\/div>\r\n                <div class=\"honor-court-avatar\">\r\n                    <img decoding=\"async\" src=\"https:\/\/fira.onda.es\/wp-content\/uploads\/2025\/07\/Ines-Reina.jpg\" alt=\"In\u00e9s Ram\u00f3n\" class=\"avatar-image\">\r\n                <\/div>\r\n                <h3>In\u00e9s Ram\u00f3n<\/h3>\r\n                <p>Reina de la Fira 2025, el m\u00e0xim exponent de les nostres festes, unint tradici\u00f3 i futur.<\/p>\r\n            <\/div>\r\n\r\n            <div class=\"honor-court-card honor-court-card-dama\">\r\n                <div class=\"honor-court-avatar\">\r\n                    <img decoding=\"async\" src=\"https:\/\/fira.onda.es\/wp-content\/uploads\/2025\/07\/Paula-Dama.jpg\" alt=\"Paula Rubio\" class=\"avatar-image\">\r\n                <\/div>\r\n                <h3>Paula Rubio<\/h3>\r\n                <p>Dama d'Honor de la Reina de la Fira 2025, aportant gr\u00e0cia i esplendor a la nostra celebraci\u00f3.<\/p>\r\n            <\/div>\r\n\r\n        <\/div>\r\n\r\n        <div class=\"honor-court-proclamation-info\">\r\n            <p class=\"honor-court-highlight-date\">\r\n                <span class=\"date-icon\">\ud83d\udcc5<\/span>\r\n                Proclamaci\u00f3 conjunta de la Cort d'Honor: Dissabte 4 d'octubre al Teatre M\u00f2naco.\r\n            <\/p>\r\n        <\/div>\r\n    <\/div>\r\n<\/section>\r\n\r\n<style>\r\n\/* --- Estils base (Disseny d'escriptori primer) --- *\/\r\n\r\n.honor-court-section {\r\n    padding: 80px 20px;\r\n    background-color: #f0f2f5; \/* Fons m\u00e9s suau *\/\r\n    text-align: center;\r\n}\r\n\r\n.honor-court-container-wrapper {\r\n    max-width: 1200px;\r\n    margin: 0 auto;\r\n    padding: 0;\r\n}\r\n\r\n.honor-court-title {\r\n    font-family: 'Montserrat', sans-serif;\r\n    color: #2c3e50;\r\n    font-size: 3.2em; \/* T\u00edtol una mica m\u00e9s gran *\/\r\n    margin-bottom: 60px;\r\n    position: relative;\r\n    font-weight: 700;\r\n    text-transform: uppercase;\r\n    letter-spacing: 2px;\r\n}\r\n\r\n.honor-court-underline {\r\n    content: '';\r\n    position: absolute;\r\n    left: 50%;\r\n    bottom: -15px;\r\n    transform: translateX(-50%);\r\n    width: 100px; \/* Una mica m\u00e9s llarga *\/\r\n    height: 5px;   \/* Una mica m\u00e9s gruixuda *\/\r\n    background: linear-gradient(to right, #0056b3, #6a0dad);\r\n    border-radius: 3px;\r\n}\r\n\r\n.honor-court-cards-grid {\r\n    display: flex;\r\n    flex-wrap: wrap;\r\n    justify-content: center;\r\n    align-items: stretch; \/* Mateixa altura *\/\r\n    gap: 30px;\r\n    max-width: 1200px;\r\n    margin: 0 auto;\r\n}\r\n\r\n.honor-court-card {\r\n    padding: 40px;\r\n    border-radius: 25px;\r\n    box-shadow: 0 20px 40px rgba(0, 0, 0, 0.3);\r\n    text-align: center;\r\n    position: relative;\r\n    overflow: hidden;\r\n    flex: 1 1 calc(33.333% - 20px);\r\n    min-width: 280px;\r\n    box-sizing: border-box;\r\n    display: flex;\r\n    flex-direction: column;\r\n    justify-content: space-between;\r\n    align-items: center;\r\n    transition: transform 0.3s ease, box-shadow 0.3s ease;\r\n    min-height: 480px;\r\n}\r\n\r\n.honor-court-card:hover {\r\n    transform: translateY(-10px) scale(1.02); \/* Hover sutil *\/\r\n    box-shadow: 0 25px 50px rgba(0, 0, 0, 0.4);\r\n}\r\n\r\n\/* Estils espec\u00edfics per a la targeta de la Reina Infantil *\/\r\n.honor-court-card-queen-infantil {\r\n    background: linear-gradient(135deg, #007bff 0%, #8a2be2 100%);\r\n    color: white;\r\n}\r\n\r\n.honor-court-card-effect {\r\n    content: '';\r\n    position: absolute;\r\n    top: -50%;\r\n    left: -50%;\r\n    width: 200%;\r\n    height: 200%;\r\n    background: radial-gradient(circle at 15% 15%, rgba(255,255,255,0.35) 0%, transparent 60%); \/* Efecte de llum m\u00e9s brillant *\/\r\n    pointer-events: none;\r\n    opacity: 0.8;\r\n}\r\n\r\n\/* Estils per a la targeta de la Reina *\/\r\n.honor-court-card-queen {\r\n    background: linear-gradient(135deg, #8a2be2 0%, #007bff 100%);\r\n    color: white;\r\n}\r\n\r\n.honor-court-card-effect-secondary {\r\n    content: '';\r\n    position: absolute;\r\n    top: -50%;\r\n    left: -50%;\r\n    width: 200%;\r\n    height: 200%;\r\n    background: radial-gradient(circle at 85% 85%, rgba(255,255,255,0.35) 0%, transparent 60%); \/* Efecte de llum diferent *\/\r\n    pointer-events: none;\r\n    opacity: 0.8;\r\n}\r\n\r\n\/* Estils per a la targeta de la Dama d'Honor *\/\r\n.honor-court-card-dama {\r\n    background-color: #ffffff;\r\n    border-radius: 25px;\r\n    border: 2px solid;\r\n    border-image: linear-gradient(to right, #007bff, #8a2be2) 1;\r\n    box-shadow: 0 15px 30px rgba(0, 0, 0, 0.15);\r\n    padding: 40px;\r\n    text-align: center;\r\n    display: flex;\r\n    flex-direction: column;\r\n    justify-content: space-between;\r\n    align-items: center;\r\n    transition: transform 0.3s ease, box-shadow 0.3s ease;\r\n}\r\n\r\n\/* Avatar general *\/\r\n.honor-court-avatar {\r\n    width: 180px;\r\n    height: 180px;\r\n    background-color: white;\r\n    border-radius: 50%;\r\n    margin: 0 auto 25px auto;\r\n    display: flex;\r\n    justify-content: center;\r\n    align-items: center;\r\n    overflow: hidden;\r\n    border: 6px solid #f0f2f5;\r\n    box-shadow:\r\n        0 0 0 10px #007bff,\r\n        0 0 0 16px #8a2be2,\r\n        0 0 0 24px rgba(0, 0, 0, 0.15);\r\n}\r\n\r\n.honor-court-avatar .avatar-image {\r\n    width: 100%;\r\n    height: 100%;\r\n    object-fit: cover;\r\n    border-radius: 50%;\r\n}\r\n\r\n\/* Avatar m\u00e9s petit per a la Dama, per\u00f2 mantenint el mateix estil de vora *\/\r\n.honor-court-card-dama .honor-court-avatar {\r\n    width: 160px;\r\n    height: 160px;\r\n    margin-bottom: 20px;\r\n    border: 6px solid #f0f2f5;\r\n    box-shadow:\r\n        0 0 0 8px #007bff,\r\n        0 0 0 14px #8a2be2,\r\n        0 0 0 20px rgba(0, 0, 0, 0.12);\r\n}\r\n\r\n.honor-court-card h3 {\r\n    font-family: 'Montserrat', sans-serif;\r\n    font-size: 2.5em;\r\n    margin-bottom: 15px;\r\n    color: inherit;\r\n    text-shadow: 2px 2px 8px rgba(0, 0, 0, 0.4);\r\n    font-weight: 700;\r\n}\r\n\r\n.honor-court-card-dama h3 {\r\n    font-size: 2em;\r\n    color: #333;\r\n    text-shadow: none;\r\n}\r\n\r\n.honor-court-card p {\r\n    font-size: 1.2em;\r\n    line-height: 1.5;\r\n    color: inherit;\r\n    max-width: 600px;\r\n    margin: 0 auto;\r\n    opacity: 0.9;\r\n    flex-grow: 1;\r\n}\r\n\r\n.honor-court-card-dama p {\r\n    font-size: 1.1em;\r\n    color: #666;\r\n    margin-bottom: 0;\r\n}\r\n\r\n\/* Informaci\u00f3 de proclamaci\u00f3 al final *\/\r\n.honor-court-proclamation-info {\r\n    margin-top: 80px;\r\n    padding: 30px 40px;\r\n    background-color: #e6f7ff;\r\n    border-radius: 20px;\r\n    border: 1px solid #b3e0ff;\r\n    display: inline-block;\r\n    box-shadow: 0 8px 20px rgba(0, 0, 0, 0.1);\r\n}\r\n\r\n.honor-court-highlight-date {\r\n    font-family: 'Montserrat', sans-serif;\r\n    font-weight: 800;\r\n    font-size: 1.6em;\r\n    background: linear-gradient(to right, #007bff, #8a2be2);\r\n    -webkit-background-clip: text;\r\n    -webkit-text-fill-color: transparent;\r\n    color: #8a2be2;\r\n    margin: 0;\r\n    text-transform: uppercase;\r\n    letter-spacing: 1px;\r\n}\r\n\r\n.date-icon {\r\n    margin-right: 15px;\r\n    font-size: 1.2em;\r\n    vertical-align: middle;\r\n}\r\n\r\n\/* --- Consultes de mitjans per a la Responsivitat --- *\/\r\n\r\n@media (max-width: 1200px) {\r\n    .honor-court-cards-grid {\r\n        max-width: 900px;\r\n    }\r\n    .honor-court-card {\r\n        flex: 1 1 calc(50% - 15px); \/* Dos targetes per fila per a pantalles mitjanes *\/\r\n        min-height: 450px;           \/* Ajust de l'altura per a pantalles mitjanes *\/\r\n    }\r\n}\r\n\r\n@media (max-width: 900px) {\r\n    .honor-court-cards-grid {\r\n        max-width: 650px;\r\n    }\r\n    .honor-court-card {\r\n        flex: 1 1 calc(50% - 15px);\r\n        min-height: 420px;\r\n    }\r\n}\r\n\r\n@media (max-width: 768px) {\r\n    .honor-court-title {\r\n        font-size: 2.6em;\r\n        margin-bottom: 40px;\r\n    }\r\n    .honor-court-underline {\r\n        width: 80px;\r\n        height: 4px;\r\n    }\r\n\r\n    .honor-court-cards-grid {\r\n        flex-direction: column; \/* Per a una columna *\/\r\n        gap: 25px;\r\n        max-width: 500px;\r\n        padding: 0 15px;\r\n    }\r\n\r\n    .honor-court-card {\r\n        flex: 0 0 100%;\r\n        padding: 30px 20px;\r\n        max-width: 100%;\r\n        min-height: 400px; \/* Altura m\u00ednima per a m\u00f2bils *\/\r\n    }\r\n\r\n    .honor-court-card h3 {\r\n        font-size: 2.2em;\r\n    }\r\n\r\n    .honor-court-card-dama h3 {\r\n        font-size: 1.8em;\r\n    }\r\n\r\n    .honor-court-card p {\r\n        font-size: 1.1em;\r\n    }\r\n\r\n    .honor-court-avatar {\r\n        width: 140px;\r\n        height: 140px;\r\n        border: 4px solid #f0f2f5;\r\n        box-shadow:\r\n            0 0 0 8px #007bff,\r\n            0 0 0 14px #8a2be2,\r\n            0 0 0 20px rgba(0, 0, 0, 0.1);\r\n    }\r\n\r\n    .honor-court-card-dama .honor-court-avatar {\r\n        width: 120px;\r\n        height: 120px;\r\n        border: 4px solid #f0f2f5;\r\n        box-shadow:\r\n            0 0 0 6px #007bff,\r\n            0 0 0 10px #8a2be2,\r\n            0 0 0 15px rgba(0, 0, 0, 0.08);\r\n    }\r\n\r\n    .honor-court-proclamation-info {\r\n        margin-top: 50px;\r\n        padding: 25px 30px;\r\n    }\r\n\r\n    .honor-court-highlight-date {\r\n        font-size: 1.3em;\r\n    }\r\n    .date-icon {\r\n        margin-right: 10px;\r\n    }\r\n}\r\n\r\n@media (max-width: 480px) {\r\n    .honor-court-section {\r\n        padding: 40px 10px;\r\n    }\r\n    .honor-court-title {\r\n        font-size: 2em;\r\n        margin-bottom: 30px;\r\n        letter-spacing: 1px;\r\n    }\r\n    .honor-court-underline {\r\n        width: 60px;\r\n        height: 3px;\r\n    }\r\n    .honor-court-card {\r\n        padding: 25px 15px;\r\n        min-height: 380px; \/* Altura m\u00ednima per a m\u00f2bils *\/\r\n    }\r\n    .honor-court-avatar {\r\n        width: 100px;\r\n        height: 100px;\r\n        border: 3px solid #f0f2f5;\r\n        box-shadow:\r\n            0 0 0 6px #007bff,\r\n            0 0 0 10px #8a2be2,\r\n            0 0 0 15px rgba(0, 0, 0, 0.07);\r\n    }\r\n    .honor-court-card-dama .honor-court-avatar {\r\n        width: 80px;\r\n        height: 80px;\r\n        border: 3px solid #f0f2f5;\r\n        box-shadow:\r\n            0 0 0 5px #007bff,\r\n            0 0 0 8px #8a2be2,\r\n            0 0 0 12px rgba(0, 0, 0, 0.07);\r\n    }\r\n    .honor-court-card h3 {\r\n        font-size: 1.8em;\r\n    }\r\n    .honor-court-card-dama h3 {\r\n        font-size: 1.4em;\r\n    }\r\n    .honor-court-card p {\r\n        font-size: 0.95em;\r\n    }\r\n    .honor-court-proclamation-info {\r\n        margin-top: 30px;\r\n        padding: 15px 20px;\r\n    }\r\n    .honor-court-highlight-date {\r\n        font-size: 1.1em;\r\n    }\r\n    .date-icon {\r\n        margin-right: 8px;\r\n    }\r\n}\r\n<\/style>\r\n\t\t\t\t<\/div>\n\t\t\t\t<\/div>\n\t\t\t\t\t<\/div>\n\t\t\t\t<\/div>\n\t\t<div class=\"elementor-element elementor-element-b1ee9eb e-flex e-con-boxed e-con e-parent\" data-id=\"b1ee9eb\" data-element_type=\"container\" data-e-type=\"container\">\n\t\t\t\t\t<div class=\"e-con-inner\">\n\t\t\t\t<div class=\"elementor-element elementor-element-efcee66 elementor-widget elementor-widget-heading\" data-id=\"efcee66\" data-element_type=\"widget\" data-e-type=\"widget\" data-widget_type=\"heading.default\">\n\t\t\t\t<div class=\"elementor-widget-container\">\n\t\t\t\t\t<h2 class=\"elementor-heading-title elementor-size-default\">Cort d'Honor Fira d'Onda 2024<\/h2>\t\t\t\t<\/div>\n\t\t\t\t<\/div>\n\t\t\t\t<div class=\"elementor-element elementor-element-1d6fc33 elementor-widget elementor-widget-image\" data-id=\"1d6fc33\" data-element_type=\"widget\" data-e-type=\"widget\" data-widget_type=\"image.default\">\n\t\t\t\t<div class=\"elementor-widget-container\">\n\t\t\t\t\t\t\t\t\t\t\t\t\t\t\t<img decoding=\"async\" width=\"844\" height=\"563\" src=\"https:\/\/fira.onda.es\/wp-content\/uploads\/2025\/06\/reina-y-damas-fira-onda-2024-reducido.png\" class=\"attachment-large size-large wp-image-72\" alt=\"\" srcset=\"https:\/\/fira.onda.es\/wp-content\/uploads\/2025\/06\/reina-y-damas-fira-onda-2024-reducido.png 844w, https:\/\/fira.onda.es\/wp-content\/uploads\/2025\/06\/reina-y-damas-fira-onda-2024-reducido-300x200.png 300w, https:\/\/fira.onda.es\/wp-content\/uploads\/2025\/06\/reina-y-damas-fira-onda-2024-reducido-768x512.png 768w\" sizes=\"(max-width: 844px) 100vw, 844px\" \/>\t\t\t\t\t\t\t\t\t\t\t\t\t\t\t<\/div>\n\t\t\t\t<\/div>\n\t\t\t\t<div class=\"elementor-element elementor-element-6f77dac elementor-widget elementor-widget-image\" data-id=\"6f77dac\" data-element_type=\"widget\" data-e-type=\"widget\" data-widget_type=\"image.default\">\n\t\t\t\t<div class=\"elementor-widget-container\">\n\t\t\t\t\t\t\t\t\t\t\t\t\t\t\t<img decoding=\"async\" width=\"844\" height=\"563\" src=\"https:\/\/fira.onda.es\/wp-content\/uploads\/2025\/06\/reina-infantil-y-damas-fira-onda-2024-reducido.png\" class=\"attachment-large size-large wp-image-73\" alt=\"\" srcset=\"https:\/\/fira.onda.es\/wp-content\/uploads\/2025\/06\/reina-infantil-y-damas-fira-onda-2024-reducido.png 844w, https:\/\/fira.onda.es\/wp-content\/uploads\/2025\/06\/reina-infantil-y-damas-fira-onda-2024-reducido-300x200.png 300w, https:\/\/fira.onda.es\/wp-content\/uploads\/2025\/06\/reina-infantil-y-damas-fira-onda-2024-reducido-768x512.png 768w\" sizes=\"(max-width: 844px) 100vw, 844px\" \/>\t\t\t\t\t\t\t\t\t\t\t\t\t\t\t<\/div>\n\t\t\t\t<\/div>\n\t\t\t\t\t<\/div>\n\t\t\t\t<\/div>\n\t\t\t\t<\/div>\n\t\t","protected":false},"excerpt":{"rendered":"<p>La nostra Cort d&#8217;Honor 2025 Eva Mart\u00ednez Chiva Reina Infantil de la Fira 2025, un s\u00edmbol d&#8217;alegria i il\u00b7lusi\u00f3 dels m\u00e9s menuts. In\u00e9s Ram\u00f3n Reina de la Fira 2025, el m\u00e0xim exponent de les nostres festes, unint tradici\u00f3 i futur. Paula Rubio Dama d&#8217;Honor de la Reina de la Fira 2025, aportant gr\u00e0cia i esplendor&#8230;<\/p>\n","protected":false},"author":1,"featured_media":0,"parent":0,"menu_order":0,"comment_status":"closed","ping_status":"closed","template":"","meta":{"_kad_post_transparent":"","_kad_post_title":"hide","_kad_post_layout":"fullwidth","_kad_post_sidebar_id":"","_kad_post_content_style":"unboxed","_kad_post_vertical_padding":"hide","_kad_post_feature":"hide","_kad_post_feature_position":"","_kad_post_header":false,"_kad_post_footer":false,"footnotes":""},"class_list":["post-9","page","type-page","status-publish","hentry"],"yoast_head":"<!-- This site is optimized with the Yoast SEO plugin v27.5 - https:\/\/yoast.com\/product\/yoast-seo-wordpress\/ -->\n<title>Cort d&#039;honor - Fira d&#039;Onda 2025<\/title>\n<meta name=\"robots\" content=\"index, follow, max-snippet:-1, max-image-preview:large, max-video-preview:-1\" \/>\n<link rel=\"canonical\" href=\"https:\/\/fira.onda.es\/index.php\/va\/corte-de-honor\/\" \/>\n<meta property=\"og:locale\" content=\"es_ES\" \/>\n<meta property=\"og:type\" content=\"article\" \/>\n<meta property=\"og:title\" content=\"Cort d&#039;honor - Fira d&#039;Onda 2025\" \/>\n<meta property=\"og:description\" content=\"La nostra Cort d&#8217;Honor 2025 Eva Mart\u00ednez Chiva Reina Infantil de la Fira 2025, un s\u00edmbol d&#8217;alegria i il\u00b7lusi\u00f3 dels m\u00e9s menuts. In\u00e9s Ram\u00f3n Reina de la Fira 2025, el m\u00e0xim exponent de les nostres festes, unint tradici\u00f3 i futur. Paula Rubio Dama d&#8217;Honor de la Reina de la Fira 2025, aportant gr\u00e0cia i esplendor...\" \/>\n<meta property=\"og:url\" content=\"https:\/\/fira.onda.es\/index.php\/va\/corte-de-honor\/\" \/>\n<meta property=\"og:site_name\" content=\"Fira d&#039;Onda 2025\" \/>\n<meta property=\"article:modified_time\" content=\"2025-07-04T08:38:47+00:00\" \/>\n<meta property=\"og:image\" content=\"https:\/\/fira.onda.es\/wp-content\/uploads\/2025\/07\/Banner-largo-web-1365-x-268-px.png\" \/>\n\t<meta property=\"og:image:width\" content=\"1365\" \/>\n\t<meta property=\"og:image:height\" content=\"268\" \/>\n\t<meta property=\"og:image:type\" content=\"image\/png\" \/>\n<meta name=\"twitter:card\" content=\"summary_large_image\" \/>\n<meta name=\"twitter:label1\" content=\"Tiempo de lectura\" \/>\n\t<meta name=\"twitter:data1\" content=\"2 minutos\" \/>\n<script type=\"application\/ld+json\" class=\"yoast-schema-graph\">{\"@context\":\"https:\\\/\\\/schema.org\",\"@graph\":[{\"@type\":\"WebPage\",\"@id\":\"https:\\\/\\\/fira.onda.es\\\/index.php\\\/va\\\/corte-de-honor\\\/\",\"url\":\"https:\\\/\\\/fira.onda.es\\\/index.php\\\/va\\\/corte-de-honor\\\/\",\"name\":\"Cort d'honor - Fira d&#039;Onda 2025\",\"isPartOf\":{\"@id\":\"https:\\\/\\\/fira.onda.es\\\/#website\"},\"primaryImageOfPage\":{\"@id\":\"https:\\\/\\\/fira.onda.es\\\/index.php\\\/va\\\/corte-de-honor\\\/#primaryimage\"},\"image\":{\"@id\":\"https:\\\/\\\/fira.onda.es\\\/index.php\\\/va\\\/corte-de-honor\\\/#primaryimage\"},\"thumbnailUrl\":\"https:\\\/\\\/fira.onda.es\\\/wp-content\\\/uploads\\\/2025\\\/07\\\/Banner-largo-web-1365-x-268-px.png\",\"datePublished\":\"2025-06-27T07:38:10+00:00\",\"dateModified\":\"2025-07-04T08:38:47+00:00\",\"breadcrumb\":{\"@id\":\"https:\\\/\\\/fira.onda.es\\\/index.php\\\/va\\\/corte-de-honor\\\/#breadcrumb\"},\"inLanguage\":\"es\",\"potentialAction\":[{\"@type\":\"ReadAction\",\"target\":[\"https:\\\/\\\/fira.onda.es\\\/index.php\\\/va\\\/corte-de-honor\\\/\"]}]},{\"@type\":\"ImageObject\",\"inLanguage\":\"es\",\"@id\":\"https:\\\/\\\/fira.onda.es\\\/index.php\\\/va\\\/corte-de-honor\\\/#primaryimage\",\"url\":\"https:\\\/\\\/fira.onda.es\\\/wp-content\\\/uploads\\\/2025\\\/07\\\/Banner-largo-web-1365-x-268-px.png\",\"contentUrl\":\"https:\\\/\\\/fira.onda.es\\\/wp-content\\\/uploads\\\/2025\\\/07\\\/Banner-largo-web-1365-x-268-px.png\",\"width\":1365,\"height\":268},{\"@type\":\"BreadcrumbList\",\"@id\":\"https:\\\/\\\/fira.onda.es\\\/index.php\\\/va\\\/corte-de-honor\\\/#breadcrumb\",\"itemListElement\":[{\"@type\":\"ListItem\",\"position\":1,\"name\":\"Portada\",\"item\":\"https:\\\/\\\/fira.onda.es\\\/\"},{\"@type\":\"ListItem\",\"position\":2,\"name\":\"Cort d&#8217;honor\"}]},{\"@type\":\"WebSite\",\"@id\":\"https:\\\/\\\/fira.onda.es\\\/#website\",\"url\":\"https:\\\/\\\/fira.onda.es\\\/\",\"name\":\"Fira d&#039;Onda 2025\",\"description\":\"\",\"publisher\":{\"@id\":\"https:\\\/\\\/fira.onda.es\\\/#organization\"},\"potentialAction\":[{\"@type\":\"SearchAction\",\"target\":{\"@type\":\"EntryPoint\",\"urlTemplate\":\"https:\\\/\\\/fira.onda.es\\\/?s={search_term_string}\"},\"query-input\":{\"@type\":\"PropertyValueSpecification\",\"valueRequired\":true,\"valueName\":\"search_term_string\"}}],\"inLanguage\":\"es\"},{\"@type\":\"Organization\",\"@id\":\"https:\\\/\\\/fira.onda.es\\\/#organization\",\"name\":\"Fira d&#039;Onda 2025\",\"url\":\"https:\\\/\\\/fira.onda.es\\\/\",\"logo\":{\"@type\":\"ImageObject\",\"inLanguage\":\"es\",\"@id\":\"https:\\\/\\\/fira.onda.es\\\/#\\\/schema\\\/logo\\\/image\\\/\",\"url\":\"https:\\\/\\\/fira.onda.es\\\/wp-content\\\/uploads\\\/2025\\\/07\\\/cropped-AJUNTAMENT-ONDA-NEGRE.png\",\"contentUrl\":\"https:\\\/\\\/fira.onda.es\\\/wp-content\\\/uploads\\\/2025\\\/07\\\/cropped-AJUNTAMENT-ONDA-NEGRE.png\",\"width\":888,\"height\":402,\"caption\":\"Fira d&#039;Onda 2025\"},\"image\":{\"@id\":\"https:\\\/\\\/fira.onda.es\\\/#\\\/schema\\\/logo\\\/image\\\/\"}}]}<\/script>\n<!-- \/ Yoast SEO plugin. -->","yoast_head_json":{"title":"Cort d'honor - Fira d&#039;Onda 2025","robots":{"index":"index","follow":"follow","max-snippet":"max-snippet:-1","max-image-preview":"max-image-preview:large","max-video-preview":"max-video-preview:-1"},"canonical":"https:\/\/fira.onda.es\/index.php\/va\/corte-de-honor\/","og_locale":"es_ES","og_type":"article","og_title":"Cort d'honor - Fira d&#039;Onda 2025","og_description":"La nostra Cort d&#8217;Honor 2025 Eva Mart\u00ednez Chiva Reina Infantil de la Fira 2025, un s\u00edmbol d&#8217;alegria i il\u00b7lusi\u00f3 dels m\u00e9s menuts. In\u00e9s Ram\u00f3n Reina de la Fira 2025, el m\u00e0xim exponent de les nostres festes, unint tradici\u00f3 i futur. Paula Rubio Dama d&#8217;Honor de la Reina de la Fira 2025, aportant gr\u00e0cia i esplendor...","og_url":"https:\/\/fira.onda.es\/index.php\/va\/corte-de-honor\/","og_site_name":"Fira d&#039;Onda 2025","article_modified_time":"2025-07-04T08:38:47+00:00","og_image":[{"width":1365,"height":268,"url":"https:\/\/fira.onda.es\/wp-content\/uploads\/2025\/07\/Banner-largo-web-1365-x-268-px.png","type":"image\/png"}],"twitter_card":"summary_large_image","twitter_misc":{"Tiempo de lectura":"2 minutos"},"schema":{"@context":"https:\/\/schema.org","@graph":[{"@type":"WebPage","@id":"https:\/\/fira.onda.es\/index.php\/va\/corte-de-honor\/","url":"https:\/\/fira.onda.es\/index.php\/va\/corte-de-honor\/","name":"Cort d'honor - Fira d&#039;Onda 2025","isPartOf":{"@id":"https:\/\/fira.onda.es\/#website"},"primaryImageOfPage":{"@id":"https:\/\/fira.onda.es\/index.php\/va\/corte-de-honor\/#primaryimage"},"image":{"@id":"https:\/\/fira.onda.es\/index.php\/va\/corte-de-honor\/#primaryimage"},"thumbnailUrl":"https:\/\/fira.onda.es\/wp-content\/uploads\/2025\/07\/Banner-largo-web-1365-x-268-px.png","datePublished":"2025-06-27T07:38:10+00:00","dateModified":"2025-07-04T08:38:47+00:00","breadcrumb":{"@id":"https:\/\/fira.onda.es\/index.php\/va\/corte-de-honor\/#breadcrumb"},"inLanguage":"es","potentialAction":[{"@type":"ReadAction","target":["https:\/\/fira.onda.es\/index.php\/va\/corte-de-honor\/"]}]},{"@type":"ImageObject","inLanguage":"es","@id":"https:\/\/fira.onda.es\/index.php\/va\/corte-de-honor\/#primaryimage","url":"https:\/\/fira.onda.es\/wp-content\/uploads\/2025\/07\/Banner-largo-web-1365-x-268-px.png","contentUrl":"https:\/\/fira.onda.es\/wp-content\/uploads\/2025\/07\/Banner-largo-web-1365-x-268-px.png","width":1365,"height":268},{"@type":"BreadcrumbList","@id":"https:\/\/fira.onda.es\/index.php\/va\/corte-de-honor\/#breadcrumb","itemListElement":[{"@type":"ListItem","position":1,"name":"Portada","item":"https:\/\/fira.onda.es\/"},{"@type":"ListItem","position":2,"name":"Cort d&#8217;honor"}]},{"@type":"WebSite","@id":"https:\/\/fira.onda.es\/#website","url":"https:\/\/fira.onda.es\/","name":"Fira d&#039;Onda 2025","description":"","publisher":{"@id":"https:\/\/fira.onda.es\/#organization"},"potentialAction":[{"@type":"SearchAction","target":{"@type":"EntryPoint","urlTemplate":"https:\/\/fira.onda.es\/?s={search_term_string}"},"query-input":{"@type":"PropertyValueSpecification","valueRequired":true,"valueName":"search_term_string"}}],"inLanguage":"es"},{"@type":"Organization","@id":"https:\/\/fira.onda.es\/#organization","name":"Fira d&#039;Onda 2025","url":"https:\/\/fira.onda.es\/","logo":{"@type":"ImageObject","inLanguage":"es","@id":"https:\/\/fira.onda.es\/#\/schema\/logo\/image\/","url":"https:\/\/fira.onda.es\/wp-content\/uploads\/2025\/07\/cropped-AJUNTAMENT-ONDA-NEGRE.png","contentUrl":"https:\/\/fira.onda.es\/wp-content\/uploads\/2025\/07\/cropped-AJUNTAMENT-ONDA-NEGRE.png","width":888,"height":402,"caption":"Fira d&#039;Onda 2025"},"image":{"@id":"https:\/\/fira.onda.es\/#\/schema\/logo\/image\/"}}]}},"_links":{"self":[{"href":"https:\/\/fira.onda.es\/index.php\/wp-json\/wp\/v2\/pages\/9","targetHints":{"allow":["GET"]}}],"collection":[{"href":"https:\/\/fira.onda.es\/index.php\/wp-json\/wp\/v2\/pages"}],"about":[{"href":"https:\/\/fira.onda.es\/index.php\/wp-json\/wp\/v2\/types\/page"}],"author":[{"embeddable":true,"href":"https:\/\/fira.onda.es\/index.php\/wp-json\/wp\/v2\/users\/1"}],"replies":[{"embeddable":true,"href":"https:\/\/fira.onda.es\/index.php\/wp-json\/wp\/v2\/comments?post=9"}],"version-history":[{"count":11,"href":"https:\/\/fira.onda.es\/index.php\/wp-json\/wp\/v2\/pages\/9\/revisions"}],"predecessor-version":[{"id":250,"href":"https:\/\/fira.onda.es\/index.php\/wp-json\/wp\/v2\/pages\/9\/revisions\/250"}],"wp:attachment":[{"href":"https:\/\/fira.onda.es\/index.php\/wp-json\/wp\/v2\/media?parent=9"}],"curies":[{"name":"wp","href":"https:\/\/api.w.org\/{rel}","templated":true}]}}