{"id":22,"date":"2025-06-27T07:53:39","date_gmt":"2025-06-27T07:53:39","guid":{"rendered":"https:\/\/hopeful-mahavira.46-231-5-246.plesk.page\/?page_id=22"},"modified":"2026-02-17T08:25:07","modified_gmt":"2026-02-17T08:25:07","slug":"encierros","status":"publish","type":"page","link":"https:\/\/fira.onda.es\/index.php\/encierros\/","title":{"rendered":"Toros"},"content":{"rendered":"\t\t<div data-elementor-type=\"wp-page\" data-elementor-id=\"22\" class=\"elementor elementor-22\">\n\t\t\t\t<div class=\"elementor-element elementor-element-947b081 e-flex e-con-boxed e-con e-parent\" data-id=\"947b081\" data-element_type=\"container\" data-e-type=\"container\">\n\t\t\t\t\t<div class=\"e-con-inner\">\n\t\t\t\t<div class=\"elementor-element elementor-element-326c78c elementor-widget elementor-widget-image\" data-id=\"326c78c\" data-element_type=\"widget\" data-e-type=\"widget\" data-widget_type=\"image.default\">\n\t\t\t\t<div class=\"elementor-widget-container\">\n\t\t\t\t\t\t\t\t\t\t\t\t\t\t\t<img fetchpriority=\"high\" decoding=\"async\" width=\"1365\" height=\"268\" src=\"https:\/\/fira.onda.es\/wp-content\/uploads\/2025\/06\/Banner-largo-web-1365-x-268-px-1.png\" class=\"attachment-full size-full wp-image-78\" alt=\"\" srcset=\"https:\/\/fira.onda.es\/wp-content\/uploads\/2025\/06\/Banner-largo-web-1365-x-268-px-1.png 1365w, https:\/\/fira.onda.es\/wp-content\/uploads\/2025\/06\/Banner-largo-web-1365-x-268-px-1-300x59.png 300w, https:\/\/fira.onda.es\/wp-content\/uploads\/2025\/06\/Banner-largo-web-1365-x-268-px-1-1024x201.png 1024w, https:\/\/fira.onda.es\/wp-content\/uploads\/2025\/06\/Banner-largo-web-1365-x-268-px-1-768x151.png 768w\" sizes=\"(max-width: 1365px) 100vw, 1365px\" \/>\t\t\t\t\t\t\t\t\t\t\t\t\t\t\t<\/div>\n\t\t\t\t<\/div>\n\t\t\t\t\t<\/div>\n\t\t\t\t<\/div>\n\t\t<div class=\"elementor-element elementor-element-5f633d4 e-flex e-con-boxed e-con e-parent\" data-id=\"5f633d4\" data-element_type=\"container\" data-e-type=\"container\">\n\t\t\t\t\t<div class=\"e-con-inner\">\n\t\t<div class=\"elementor-element elementor-element-696d701 e-con-full e-flex e-con e-child\" data-id=\"696d701\" data-element_type=\"container\" data-e-type=\"container\">\n\t\t\t\t<\/div>\n\t\t\t\t\t<\/div>\n\t\t\t\t<\/div>\n\t\t<div class=\"elementor-element elementor-element-fad5ea2 e-flex e-con-boxed e-con e-parent\" data-id=\"fad5ea2\" data-element_type=\"container\" data-e-type=\"container\">\n\t\t\t\t\t<div class=\"e-con-inner\">\n\t\t\t\t<div class=\"elementor-element elementor-element-f76f20a elementor-widget elementor-widget-image\" data-id=\"f76f20a\" data-element_type=\"widget\" data-e-type=\"widget\" data-widget_type=\"image.default\">\n\t\t\t\t<div class=\"elementor-widget-container\">\n\t\t\t\t\t\t\t\t\t\t\t\t\t\t\t<img decoding=\"async\" width=\"1440\" height=\"810\" src=\"https:\/\/fira.onda.es\/wp-content\/uploads\/2025\/09\/FIRA-2025-MAPA-RECORRIDO-5-copy.png\" class=\"attachment-full size-full wp-image-497\" alt=\"\" srcset=\"https:\/\/fira.onda.es\/wp-content\/uploads\/2025\/09\/FIRA-2025-MAPA-RECORRIDO-5-copy.png 1440w, https:\/\/fira.onda.es\/wp-content\/uploads\/2025\/09\/FIRA-2025-MAPA-RECORRIDO-5-copy-300x169.png 300w, https:\/\/fira.onda.es\/wp-content\/uploads\/2025\/09\/FIRA-2025-MAPA-RECORRIDO-5-copy-1024x576.png 1024w, https:\/\/fira.onda.es\/wp-content\/uploads\/2025\/09\/FIRA-2025-MAPA-RECORRIDO-5-copy-768x432.png 768w\" sizes=\"(max-width: 1440px) 100vw, 1440px\" \/>\t\t\t\t\t\t\t\t\t\t\t\t\t\t\t<\/div>\n\t\t\t\t<\/div>\n\t\t\t\t\t<\/div>\n\t\t\t\t<\/div>\n\t\t<div class=\"elementor-element elementor-element-afd7072 e-flex e-con-boxed e-con e-parent\" data-id=\"afd7072\" data-element_type=\"container\" data-e-type=\"container\">\n\t\t\t\t\t<div class=\"e-con-inner\">\n\t\t\t\t<div class=\"elementor-element elementor-element-ea4d0b5 elementor-widget elementor-widget-html\" data-id=\"ea4d0b5\" data-element_type=\"widget\" data-e-type=\"widget\" data-widget_type=\"html.default\">\n\t\t\t\t<div class=\"elementor-widget-container\">\n\t\t\t\t\t<div style=\"text-align: center; font-family: 'Open Sans', sans-serif;\">\n\n    <h3 style=\"font-family: 'Montserrat', sans-serif; color: #2c3e50; font-size: 2.2em; margin-bottom: 30px;\">\n        Normas de Cumplimiento\n        <div style=\"width: 80px; height: 3px; background-color: #007bff; margin: 10px auto 0 auto; border-radius: 2px;\"><\/div>\n    <\/h3>\n\n    <p style=\"font-size: 1.1em; color: #555; margin-bottom: 40px; max-width: 800px; margin-left: auto; margin-right: auto;\">\n        El encierro de los toros es un acto peligroso y, por ello, las medidas de seguridad que lo regulan han de ser cumplidas con la mayor voluntad y exigidas con la mayor firmeza, debiendo interpretarse que los participantes conocen y asumen personalmente el propio riesgo.\n    <\/p>\n\n    <div style=\"display: flex; flex-wrap: wrap; justify-content: center; gap: 30px;\">\n\n        <div style=\"flex: 1 1 450px; background-color: #f0f0f0; border-radius: 15px; padding: 30px; text-align: left; box-shadow: 0 5px 15px rgba(0,0,0,0.1); min-height: 400px;\">\n            <h4 style=\"font-family: 'Montserrat', sans-serif; color: #007bff; font-size: 1.8em; margin-bottom: 20px;\"><span style=\"margin-right: 10px; font-size: 1.2em;\">\u26a0<\/span> Consideraciones Importantes<\/h4>\n            <ul style=\"list-style: none; padding: 0; margin: 0;\">\n                <li style=\"margin-bottom: 15px; font-size: 1em; color: #333;\"><strong style=\"color: #0056b3;\">\ud83d\uddd3 Cierre del recorrido:<\/strong> Quedar\u00e1 cerrado a las 11:00 horas.<\/li>\n                <li style=\"margin-bottom: 15px; font-size: 1em; color: #333;\"><strong style=\"color: #0056b3;\">\ud83d\udce3 Informaci\u00f3n:<\/strong> En el caso de retrasos, se usar\u00e1 megafon\u00eda para informar.<\/li>\n                <li style=\"margin-bottom: 15px; font-size: 1em; color: #333;\"><strong style=\"color: #0056b3;\">\ud83d\udcf8 Fotograf\u00edas:<\/strong> Quienes realicen fotograf\u00edas de manera autorizada ocupar\u00e1n solamente el poste asignado. En ning\u00fan caso se permitir\u00e1 la estancia de personas en el tramo inicial del encierro, que va desde el corral hasta la Safona.<\/li>\n                <li style=\"margin-bottom: 15px; font-size: 1em; color: #333;\"><strong style=\"color: #0056b3;\">\ud83d\udcac Reses \"sueltas\":<\/strong> En caso de sufrir las reses alg\u00fan accidente, los corredores atender\u00e1n las instrucciones del personal t\u00e9cnico.<\/li>\n                <li style=\"margin-bottom: 15px; font-size: 1em; color: #333;\"><strong style=\"color: #0056b3;\">\ud83d\udee1 Vallado:<\/strong> En el espacio entre los dos vallados, solo personal autorizado con identificaci\u00f3n y permisos.<\/li>\n            <\/ul>\n            <p style=\"font-size: 0.9em; color: #666; margin-top: 20px;\">\n                Todas las infracciones de las disposiciones sobre los encierros ser\u00e1n sancionadas con el m\u00e1ximo rigor.\n            <\/p>\n        <\/div>\n\n        <div style=\"flex: 1 1 450px; background-color: #ffe0e0; border-radius: 15px; padding: 30px; text-align: left; box-shadow: 0 5px 15px rgba(0,0,0,0.1); min-height: 400px;\">\n            <h4 style=\"font-family: 'Montserrat', sans-serif; color: #b30000; font-size: 1.8em; margin-bottom: 20px;\"><span style=\"margin-right: 10px; font-size: 1.2em;\">\ud83d\udeab<\/span> Prohibiciones Concretas<\/h4>\n            <ul style=\"list-style: none; padding: 0; margin: 0;\">\n                <li style=\"margin-bottom: 10px; font-size: 1em; color: #333;\">\u274c Encaramarse a elementos que no ofrezcan garant\u00eda de seguridad.<\/li>\n                <li style=\"margin-bottom: 10px; font-size: 1em; color: #333;\">\u274c Instalaci\u00f3n de elementos que invadan el espacio del recorrido sin autorizaci\u00f3n.<\/li>\n                <li style=\"margin-bottom: 10px; font-size: 1em; color: #333;\">\u274c Presencia en el trayecto de menores de 16 a\u00f1os.<\/li>\n                <li style=\"margin-bottom: 10px; font-size: 1em; color: #333;\">\u274c Situarse en zonas prohibidas por agentes de la autoridad.<\/li>\n                <li style=\"margin-bottom: 10px; font-size: 1em; color: #333;\">\u274c Desbordar las barreras.<\/li>\n                <li style=\"margin-bottom: 10px; font-size: 1em; color: #333;\">\u274c Estar a la espera en rincones, \u00e1ngulos muertos o portales.<\/li>\n                <li style=\"margin-bottom: 10px; font-size: 1em; color: #333;\">\u274c Tener abiertas las puertas y portales de los edificios.<\/li>\n                <li style=\"margin-bottom: 10px; font-size: 1em; color: #333;\">\u274c Permanecer en estado de embriaguez o bajo efectos de drogas.<\/li>\n                <li style=\"margin-bottom: 10px; font-size: 1em; color: #333;\">\u274c Llevar vestuario o calzado inadecuado.<\/li>\n                <li style=\"margin-bottom: 10px; font-size: 1em; color: #333;\">\u274c Arrojar objetos en el recorrido.<\/li>\n                <li style=\"margin-bottom: 10px; font-size: 1em; color: #333;\">\u274c Correr hacia las reses o detr\u00e1s de ellas.<\/li>\n                <li style=\"margin-bottom: 10px; font-size: 1em; color: #333;\">\u274c Citar a las reses o llamar su atenci\u00f3n (agarrar astas o lomo).<\/li>\n                <li style=\"margin-bottom: 10px; font-size: 1em; color: #333;\">\u274c Pararse en el itinerario o en el vallado, dificultando la carrera.<\/li>\n                <li style=\"margin-bottom: 10px; font-size: 1em; color: #333;\">\u274c Cualquier otra actuaci\u00f3n que pueda dificultar el normal desarrollo del encierro.<\/li>\n            <\/ul>\n            <p style=\"font-size: 0.9em; color: #666; margin-top: 20px;\">\n                Las personas que realicen alguna de las actividades prohibidas ser\u00e1n desalojadas y sancionadas. En el caso de menores de edad, se responsabilizar\u00e1 a los padres o tutores legales.\n            <\/p>\n        <\/div>\n\n    <\/div>\n\n<\/div>\t\t\t\t<\/div>\n\t\t\t\t<\/div>\n\t\t\t\t\t<\/div>\n\t\t\t\t<\/div>\n\t\t\t\t<\/div>\n\t\t","protected":false},"excerpt":{"rendered":"<p>Normas de Cumplimiento El encierro de los toros es un acto peligroso y, por ello, las medidas de seguridad que lo regulan han de ser cumplidas con la mayor voluntad y exigidas con la mayor firmeza, debiendo interpretarse que los participantes conocen y asumen personalmente el propio riesgo. \u26a0 Consideraciones Importantes \ud83d\uddd3 Cierre del recorrido:&#8230;<\/p>\n","protected":false},"author":1,"featured_media":0,"parent":0,"menu_order":0,"comment_status":"closed","ping_status":"closed","template":"essential-blocks-fullwidth-template.php","meta":{"_kad_post_transparent":"","_kad_post_title":"hide","_kad_post_layout":"fullwidth","_kad_post_sidebar_id":"","_kad_post_content_style":"unboxed","_kad_post_vertical_padding":"hide","_kad_post_feature":"hide","_kad_post_feature_position":"","_kad_post_header":false,"_kad_post_footer":false,"footnotes":""},"class_list":["post-22","page","type-page","status-publish","hentry"],"yoast_head":"<!-- This site is optimized with the Yoast SEO plugin v27.5 - https:\/\/yoast.com\/product\/yoast-seo-wordpress\/ -->\n<title>Toros - Fira d&#039;Onda 2025<\/title>\n<meta name=\"robots\" content=\"index, follow, max-snippet:-1, max-image-preview:large, max-video-preview:-1\" \/>\n<link rel=\"canonical\" href=\"https:\/\/fira.onda.es\/index.php\/encierros\/\" \/>\n<meta property=\"og:locale\" content=\"es_ES\" \/>\n<meta property=\"og:type\" content=\"article\" \/>\n<meta property=\"og:title\" content=\"Toros - Fira d&#039;Onda 2025\" \/>\n<meta property=\"og:description\" content=\"Normas de Cumplimiento El encierro de los toros es un acto peligroso y, por ello, las medidas de seguridad que lo regulan han de ser cumplidas con la mayor voluntad y exigidas con la mayor firmeza, debiendo interpretarse que los participantes conocen y asumen personalmente el propio riesgo. \u26a0 Consideraciones Importantes \ud83d\uddd3 Cierre del recorrido:...\" \/>\n<meta property=\"og:url\" content=\"https:\/\/fira.onda.es\/index.php\/encierros\/\" \/>\n<meta property=\"og:site_name\" content=\"Fira d&#039;Onda 2025\" \/>\n<meta property=\"article:modified_time\" content=\"2026-02-17T08:25:07+00:00\" \/>\n<meta property=\"og:image\" content=\"https:\/\/fira.onda.es\/wp-content\/uploads\/2025\/06\/Banner-largo-web-1365-x-268-px-1.png\" \/>\n\t<meta property=\"og:image:width\" content=\"1365\" \/>\n\t<meta property=\"og:image:height\" content=\"268\" \/>\n\t<meta property=\"og:image:type\" content=\"image\/png\" \/>\n<meta name=\"twitter:card\" content=\"summary_large_image\" \/>\n<meta name=\"twitter:label1\" content=\"Tiempo de lectura\" \/>\n\t<meta name=\"twitter:data1\" content=\"6 minutos\" \/>\n<script type=\"application\/ld+json\" class=\"yoast-schema-graph\">{\"@context\":\"https:\\\/\\\/schema.org\",\"@graph\":[{\"@type\":\"WebPage\",\"@id\":\"https:\\\/\\\/fira.onda.es\\\/index.php\\\/encierros\\\/\",\"url\":\"https:\\\/\\\/fira.onda.es\\\/index.php\\\/encierros\\\/\",\"name\":\"Toros - Fira d&#039;Onda 2025\",\"isPartOf\":{\"@id\":\"https:\\\/\\\/fira.onda.es\\\/#website\"},\"primaryImageOfPage\":{\"@id\":\"https:\\\/\\\/fira.onda.es\\\/index.php\\\/encierros\\\/#primaryimage\"},\"image\":{\"@id\":\"https:\\\/\\\/fira.onda.es\\\/index.php\\\/encierros\\\/#primaryimage\"},\"thumbnailUrl\":\"https:\\\/\\\/fira.onda.es\\\/wp-content\\\/uploads\\\/2025\\\/06\\\/Banner-largo-web-1365-x-268-px-1.png\",\"datePublished\":\"2025-06-27T07:53:39+00:00\",\"dateModified\":\"2026-02-17T08:25:07+00:00\",\"breadcrumb\":{\"@id\":\"https:\\\/\\\/fira.onda.es\\\/index.php\\\/encierros\\\/#breadcrumb\"},\"inLanguage\":\"es\",\"potentialAction\":[{\"@type\":\"ReadAction\",\"target\":[\"https:\\\/\\\/fira.onda.es\\\/index.php\\\/encierros\\\/\"]}]},{\"@type\":\"ImageObject\",\"inLanguage\":\"es\",\"@id\":\"https:\\\/\\\/fira.onda.es\\\/index.php\\\/encierros\\\/#primaryimage\",\"url\":\"https:\\\/\\\/fira.onda.es\\\/wp-content\\\/uploads\\\/2025\\\/06\\\/Banner-largo-web-1365-x-268-px-1.png\",\"contentUrl\":\"https:\\\/\\\/fira.onda.es\\\/wp-content\\\/uploads\\\/2025\\\/06\\\/Banner-largo-web-1365-x-268-px-1.png\",\"width\":1365,\"height\":268},{\"@type\":\"BreadcrumbList\",\"@id\":\"https:\\\/\\\/fira.onda.es\\\/index.php\\\/encierros\\\/#breadcrumb\",\"itemListElement\":[{\"@type\":\"ListItem\",\"position\":1,\"name\":\"Portada\",\"item\":\"https:\\\/\\\/fira.onda.es\\\/\"},{\"@type\":\"ListItem\",\"position\":2,\"name\":\"Toros\"}]},{\"@type\":\"WebSite\",\"@id\":\"https:\\\/\\\/fira.onda.es\\\/#website\",\"url\":\"https:\\\/\\\/fira.onda.es\\\/\",\"name\":\"Fira d&#039;Onda 2025\",\"description\":\"\",\"publisher\":{\"@id\":\"https:\\\/\\\/fira.onda.es\\\/#organization\"},\"potentialAction\":[{\"@type\":\"SearchAction\",\"target\":{\"@type\":\"EntryPoint\",\"urlTemplate\":\"https:\\\/\\\/fira.onda.es\\\/?s={search_term_string}\"},\"query-input\":{\"@type\":\"PropertyValueSpecification\",\"valueRequired\":true,\"valueName\":\"search_term_string\"}}],\"inLanguage\":\"es\"},{\"@type\":\"Organization\",\"@id\":\"https:\\\/\\\/fira.onda.es\\\/#organization\",\"name\":\"Fira d&#039;Onda 2025\",\"url\":\"https:\\\/\\\/fira.onda.es\\\/\",\"logo\":{\"@type\":\"ImageObject\",\"inLanguage\":\"es\",\"@id\":\"https:\\\/\\\/fira.onda.es\\\/#\\\/schema\\\/logo\\\/image\\\/\",\"url\":\"https:\\\/\\\/fira.onda.es\\\/wp-content\\\/uploads\\\/2025\\\/07\\\/cropped-AJUNTAMENT-ONDA-NEGRE.png\",\"contentUrl\":\"https:\\\/\\\/fira.onda.es\\\/wp-content\\\/uploads\\\/2025\\\/07\\\/cropped-AJUNTAMENT-ONDA-NEGRE.png\",\"width\":888,\"height\":402,\"caption\":\"Fira d&#039;Onda 2025\"},\"image\":{\"@id\":\"https:\\\/\\\/fira.onda.es\\\/#\\\/schema\\\/logo\\\/image\\\/\"}}]}<\/script>\n<!-- \/ Yoast SEO plugin. -->","yoast_head_json":{"title":"Toros - Fira d&#039;Onda 2025","robots":{"index":"index","follow":"follow","max-snippet":"max-snippet:-1","max-image-preview":"max-image-preview:large","max-video-preview":"max-video-preview:-1"},"canonical":"https:\/\/fira.onda.es\/index.php\/encierros\/","og_locale":"es_ES","og_type":"article","og_title":"Toros - Fira d&#039;Onda 2025","og_description":"Normas de Cumplimiento El encierro de los toros es un acto peligroso y, por ello, las medidas de seguridad que lo regulan han de ser cumplidas con la mayor voluntad y exigidas con la mayor firmeza, debiendo interpretarse que los participantes conocen y asumen personalmente el propio riesgo. \u26a0 Consideraciones Importantes \ud83d\uddd3 Cierre del recorrido:...","og_url":"https:\/\/fira.onda.es\/index.php\/encierros\/","og_site_name":"Fira d&#039;Onda 2025","article_modified_time":"2026-02-17T08:25:07+00:00","og_image":[{"width":1365,"height":268,"url":"https:\/\/fira.onda.es\/wp-content\/uploads\/2025\/06\/Banner-largo-web-1365-x-268-px-1.png","type":"image\/png"}],"twitter_card":"summary_large_image","twitter_misc":{"Tiempo de lectura":"6 minutos"},"schema":{"@context":"https:\/\/schema.org","@graph":[{"@type":"WebPage","@id":"https:\/\/fira.onda.es\/index.php\/encierros\/","url":"https:\/\/fira.onda.es\/index.php\/encierros\/","name":"Toros - Fira d&#039;Onda 2025","isPartOf":{"@id":"https:\/\/fira.onda.es\/#website"},"primaryImageOfPage":{"@id":"https:\/\/fira.onda.es\/index.php\/encierros\/#primaryimage"},"image":{"@id":"https:\/\/fira.onda.es\/index.php\/encierros\/#primaryimage"},"thumbnailUrl":"https:\/\/fira.onda.es\/wp-content\/uploads\/2025\/06\/Banner-largo-web-1365-x-268-px-1.png","datePublished":"2025-06-27T07:53:39+00:00","dateModified":"2026-02-17T08:25:07+00:00","breadcrumb":{"@id":"https:\/\/fira.onda.es\/index.php\/encierros\/#breadcrumb"},"inLanguage":"es","potentialAction":[{"@type":"ReadAction","target":["https:\/\/fira.onda.es\/index.php\/encierros\/"]}]},{"@type":"ImageObject","inLanguage":"es","@id":"https:\/\/fira.onda.es\/index.php\/encierros\/#primaryimage","url":"https:\/\/fira.onda.es\/wp-content\/uploads\/2025\/06\/Banner-largo-web-1365-x-268-px-1.png","contentUrl":"https:\/\/fira.onda.es\/wp-content\/uploads\/2025\/06\/Banner-largo-web-1365-x-268-px-1.png","width":1365,"height":268},{"@type":"BreadcrumbList","@id":"https:\/\/fira.onda.es\/index.php\/encierros\/#breadcrumb","itemListElement":[{"@type":"ListItem","position":1,"name":"Portada","item":"https:\/\/fira.onda.es\/"},{"@type":"ListItem","position":2,"name":"Toros"}]},{"@type":"WebSite","@id":"https:\/\/fira.onda.es\/#website","url":"https:\/\/fira.onda.es\/","name":"Fira d&#039;Onda 2025","description":"","publisher":{"@id":"https:\/\/fira.onda.es\/#organization"},"potentialAction":[{"@type":"SearchAction","target":{"@type":"EntryPoint","urlTemplate":"https:\/\/fira.onda.es\/?s={search_term_string}"},"query-input":{"@type":"PropertyValueSpecification","valueRequired":true,"valueName":"search_term_string"}}],"inLanguage":"es"},{"@type":"Organization","@id":"https:\/\/fira.onda.es\/#organization","name":"Fira d&#039;Onda 2025","url":"https:\/\/fira.onda.es\/","logo":{"@type":"ImageObject","inLanguage":"es","@id":"https:\/\/fira.onda.es\/#\/schema\/logo\/image\/","url":"https:\/\/fira.onda.es\/wp-content\/uploads\/2025\/07\/cropped-AJUNTAMENT-ONDA-NEGRE.png","contentUrl":"https:\/\/fira.onda.es\/wp-content\/uploads\/2025\/07\/cropped-AJUNTAMENT-ONDA-NEGRE.png","width":888,"height":402,"caption":"Fira d&#039;Onda 2025"},"image":{"@id":"https:\/\/fira.onda.es\/#\/schema\/logo\/image\/"}}]}},"_links":{"self":[{"href":"https:\/\/fira.onda.es\/index.php\/wp-json\/wp\/v2\/pages\/22","targetHints":{"allow":["GET"]}}],"collection":[{"href":"https:\/\/fira.onda.es\/index.php\/wp-json\/wp\/v2\/pages"}],"about":[{"href":"https:\/\/fira.onda.es\/index.php\/wp-json\/wp\/v2\/types\/page"}],"author":[{"embeddable":true,"href":"https:\/\/fira.onda.es\/index.php\/wp-json\/wp\/v2\/users\/1"}],"replies":[{"embeddable":true,"href":"https:\/\/fira.onda.es\/index.php\/wp-json\/wp\/v2\/comments?post=22"}],"version-history":[{"count":38,"href":"https:\/\/fira.onda.es\/index.php\/wp-json\/wp\/v2\/pages\/22\/revisions"}],"predecessor-version":[{"id":1088,"href":"https:\/\/fira.onda.es\/index.php\/wp-json\/wp\/v2\/pages\/22\/revisions\/1088"}],"wp:attachment":[{"href":"https:\/\/fira.onda.es\/index.php\/wp-json\/wp\/v2\/media?parent=22"}],"curies":[{"name":"wp","href":"https:\/\/api.w.org\/{rel}","templated":true}]}}